{"id":88,"date":"2011-10-03T00:21:01","date_gmt":"2011-10-03T00:21:01","guid":{"rendered":"http:\/\/ugurcavusoglu.com\/yeni\/?page_id=88"},"modified":"2022-10-13T01:25:26","modified_gmt":"2022-10-12T22:25:26","slug":"sinema","status":"publish","type":"page","link":"https:\/\/ugurcavusoglu.com\/yeni\/?page_id=88","title":{"rendered":"Sinema"},"content":{"rendered":"<p><strong>Annemin Zaman\u0131 (2022)<\/strong><br \/>\nYap\u0131mc\u0131: Uz Ay Yap\u0131m Prod.Ltd.\u015eti.<br \/>\nSenaryo: Sad\u0131k G\u00fcne\u015f<br \/>\nY\u00f6netmen: H. Hakan G\u00fcrtop<br \/>\nOyuncular: U\u011fur \u00c7avu\u015fo\u011flu, Meri\u00e7 Ba\u015faran, Gonca Yakut Arabac\u0131<br \/>\nVizyon tarihi: 29 Nisan 2022<\/p>\n<p><iframe loading=\"lazy\" title=\"Annemin Zaman\u0131 | Resmi Fragman | 2022\" width=\"1080\" height=\"608\" src=\"https:\/\/www.youtube.com\/embed\/JW54KMaLJQA?feature=oembed\" frameborder=\"0\" allow=\"accelerometer; autoplay; clipboard-write; encrypted-media; gyroscope; picture-in-picture\" allowfullscreen><\/iframe><\/p>\n<p><strong>Bir Sevda \u0130\u015fi (TRT-1\/Ev Sinemas\u0131 Ku\u015fa\u011f\u0131)<\/strong><br \/>\nYap\u0131mc\u0131: Mustafa Ensari Dal<br \/>\nY\u00f6netmen: \u00d6zkan \u00c7elik<br \/>\nSenaryo: \u0130smail Doruk<\/p>\n<p>Oyuncular: U\u011fur \u00c7avu\u015fo\u011flu (Yasin Bedir), Selim Erdo\u011fan (M\u00fclayim), Cem Zeynel K\u0131l\u0131\u00e7 (Musa), Feyza \u00c7\u0131pa (Aysel)<\/p>\n<p>[Best_Wordpress_Gallery id=&#8221;12&#8243; gal_title=&#8221;BirSevdaIsi&#8221;]<\/p>\n<p><iframe loading=\"lazy\" title=\"TRT Ev Sinemas\u0131 &#039;Bir Sevda \u0130\u015fi&#039;Tan\u0131t\u0131m\u0131\" width=\"1080\" height=\"608\" src=\"https:\/\/www.youtube.com\/embed\/dP799etlr6I?feature=oembed\" frameborder=\"0\" allow=\"accelerometer; autoplay; clipboard-write; encrypted-media; gyroscope; picture-in-picture\" allowfullscreen><\/iframe><\/p>\n<p><strong>E\u015fruhumun E\u015f Zaman\u0131<\/strong><br \/>\nYap\u0131mc\u0131: ADG ve \u00d6zen Film<br \/>\nY\u00f6netmen: R. \u015eanal G\u00fcnseli<br \/>\nSenaryo: I\u015f\u0131k El\u00e7in<br \/>\nG\u00f6r\u00fcnt\u00fc Y\u00f6netmeni: A\u015fk\u0131n Sa\u011f\u0131ro\u011flu<br \/>\n<!--more--><\/p>\n<p><strong>Oyuncular:<\/strong><\/p>\n<p>U\u011fur \u00c7avu\u015fo\u011flu (\u015eanal), Aylin Kabasakal, Zeynep Utku, Melisa Nal\u00e7ak, Hakan Korkmaz Y\u00fcrek, Tu\u011f\u00e7e Ersoy, G\u00fczin Usta, Bedia Ener, G\u00f6rkem Demirkan, G\u00fcl Yerlikaya ve Musa Uzunlar<\/p>\n<p>[Best_Wordpress_Gallery id=&#8221;7&#8243; gal_title=&#8221;Sinema&#8221;]<\/p>\n<p><iframe loading=\"lazy\" src=\"https:\/\/www.youtube.com\/embed\/m7nDkB71nKc\" allowfullscreen=\"allowfullscreen\" width=\"560\" height=\"315\" frameborder=\"0\"><\/iframe><\/p>\n","protected":false},"excerpt":{"rendered":"<p>Annemin Zaman\u0131 (2022) Yap\u0131mc\u0131: Uz Ay Yap\u0131m Prod.Ltd.\u015eti. Senaryo: Sad\u0131k G\u00fcne\u015f Y\u00f6netmen: H. Hakan G\u00fcrtop Oyuncular: U\u011fur \u00c7avu\u015fo\u011flu, Meri\u00e7 Ba\u015faran, Gonca Yakut Arabac\u0131 Vizyon tarihi: 29 Nisan 2022 Bir Sevda \u0130\u015fi (TRT-1\/Ev Sinemas\u0131 Ku\u015fa\u011f\u0131) Yap\u0131mc\u0131: Mustafa Ensari Dal Y\u00f6netmen: \u00d6zkan \u00c7elik Senaryo: \u0130smail Doruk Oyuncular: U\u011fur \u00c7avu\u015fo\u011flu (Yasin Bedir), Selim Erdo\u011fan (M\u00fclayim), Cem Zeynel K\u0131l\u0131\u00e7 (Musa), Feyza \u00c7\u0131pa (Aysel) [Best_Wordpress_Gallery<\/p>\n","protected":false},"author":1,"featured_media":187,"parent":0,"menu_order":0,"comment_status":"closed","ping_status":"closed","template":"","meta":[],"_links":{"self":[{"href":"https:\/\/ugurcavusoglu.com\/yeni\/index.php?rest_route=\/wp\/v2\/pages\/88"}],"collection":[{"href":"https:\/\/ugurcavusoglu.com\/yeni\/index.php?rest_route=\/wp\/v2\/pages"}],"about":[{"href":"https:\/\/ugurcavusoglu.com\/yeni\/index.php?rest_route=\/wp\/v2\/types\/page"}],"author":[{"embeddable":true,"href":"https:\/\/ugurcavusoglu.com\/yeni\/index.php?rest_route=\/wp\/v2\/users\/1"}],"replies":[{"embeddable":true,"href":"https:\/\/ugurcavusoglu.com\/yeni\/index.php?rest_route=%2Fwp%2Fv2%2Fcomments&post=88"}],"version-history":[{"count":8,"href":"https:\/\/ugurcavusoglu.com\/yeni\/index.php?rest_route=\/wp\/v2\/pages\/88\/revisions"}],"predecessor-version":[{"id":188,"href":"https:\/\/ugurcavusoglu.com\/yeni\/index.php?rest_route=\/wp\/v2\/pages\/88\/revisions\/188"}],"wp:featuredmedia":[{"embeddable":true,"href":"https:\/\/ugurcavusoglu.com\/yeni\/index.php?rest_route=\/wp\/v2\/media\/187"}],"wp:attachment":[{"href":"https:\/\/ugurcavusoglu.com\/yeni\/index.php?rest_route=%2Fwp%2Fv2%2Fmedia&parent=88"}],"curies":[{"name":"wp","href":"https:\/\/api.w.org\/{rel}","templated":true}]}}