{"id":83,"date":"2014-10-03T00:16:13","date_gmt":"2014-10-03T00:16:13","guid":{"rendered":"http:\/\/ugurcavusoglu.com\/yeni\/?page_id=83"},"modified":"2018-06-26T19:31:06","modified_gmt":"2018-06-26T19:31:06","slug":"dizi","status":"publish","type":"page","link":"https:\/\/ugurcavusoglu.com\/yeni\/?page_id=83","title":{"rendered":"Dizi"},"content":{"rendered":"<p><strong>Dip (2018, Puhu TV)<\/strong><\/p>\n<p>Y\u00f6netmen: M. \u00c7a\u011fatay Tosun, Uygar Kutlu<\/p>\n<p>Senaryo: Ba\u015far Ba\u015faran, Emre \u00d6zd\u00fcr<\/p>\n<p>Yap\u0131m: TMC<\/p>\n<p>[Best_Wordpress_Gallery id=&#8221;10&#8243; gal_title=&#8221;DIP-2018&#8243;]<\/p>\n<p><strong>Meryem (2017, Kanal D)<\/strong><\/p>\n<p>Y\u00f6netmen: Feride Kaytan<\/p>\n<p>Senaryo:\u00a0Meryem G\u00fcltabak ve \u0130lke G\u00fcrsoy<\/p>\n<p>Yap\u0131m: TMC<\/p>\n<p>[Best_Wordpress_Gallery id=&#8221;11&#8243; gal_title=&#8221;Meryem&#8221;]<\/p>\n<p>&nbsp;<\/p>\n<p><strong>Hayat Sevince G\u00fczel (2016, Fox TV)<\/strong><\/p>\n<p>Y\u00f6netmen: Eray Ko\u00e7ak<\/p>\n<p>Senaryo: H\u00fclya Koper (Hikaye \u00dcretim Merkezi)<\/p>\n<p>Yap\u0131mc\u0131: Limon TV<\/p>\n<p>[Best_Wordpress_Gallery id=&#8221;9&#8243; gal_title=&#8221;Hayat Sevince G\u00fczel&#8221;]<\/p>\n<p>&nbsp;<\/p>\n<p><strong>Osmanl\u0131 Tokad\u0131 (2013, TRT1)<\/strong><\/p>\n<p>Y\u00f6netmen Mustafa \u015eevki Do\u011fan, \u015eenol S\u00f6nmez<\/p>\n<p>Senaryo Necati \u015eahin, Resul Erta\u015f<\/p>\n<p>G\u00f6r\u00fcnt\u00fc Y\u00f6netmeni Yunus Ekinci, Berkan \u00d6ztrak<\/p>\n<p>Oyuncular: U\u011fur \u00c7avu\u015fo\u011flu (<em>Do\u011fan Bey)<\/em>, Alper Kul, \u0130smail Hac\u0131o\u011flu , Vildan Atasever, G\u00fcl\u00e7in Sant\u0131rc\u0131o\u011flu, Toprak Sa\u011flam, Mazhar Alanson, Tuncer Salman, Osman W\u00f6ber, Cemal H\u00fcnal, Emir Benderlio\u011flu, Ferdi Kurtuldu, Bertan Ceylan&#8230;<\/p>\n<p>[Best_Wordpress_Gallery id=&#8221;5&#8243; gal_title=&#8221;Osmanl\u0131 Tokad\u0131&#8221;]<\/p>\n<p><strong>D\u00fcr\u00fcye&#8217;nin G\u00fc\u011f\u00fcmleri (2010, Star TV)<\/strong><\/p>\n<p>Y\u00f6netmen Mustafa \u015eevki Do\u011fan<\/p>\n<p>Senaryo Filiz Ekinci , Baykut Badem<\/p>\n<p>Yap\u0131mc\u0131 \u0130brahim Merto\u011flu M\u00fczik Aytekin Ata\u015f<\/p>\n<p>G\u00f6r\u00fcnt\u00fc Y\u00f6netmeni Berkan \u00d6ztrak<\/p>\n<p>Oyuncular U\u011fur \u00c7avu\u015fo\u011flu (Duran A\u011fa), \u0130pek Tuzcuo\u011flu, Emre K\u0131nay,\u00a0Selahattin Ta\u015fd\u00f6\u011fen, Kaan Urganc\u0131o\u011flu, Lemi Filozof, Yener G\u00fcrsoy, Yeliz \u015ear, Alg\u0131 Eke, Neslihan Yeldan, Elif Atakan,Fatih Do\u011fan,Deniz Sipahi, Burcu Binici,Volkan Ba\u015f, Cem C\u00fcceno\u011flu ,\u015eule Demirezen, Do\u011fukan Arslan, Esra S\u00f6nmezer, Nora Tokhosepyan, Murat Makar, Didem Uzel&#8230;<\/p>\n<p>[Best_Wordpress_Gallery id=&#8221;6&#8243; gal_title=&#8221;D\u00fcr\u00fcye&#8221;]<\/p>\n<p>Di\u011fer Dizilerden Kareler<\/p>\n<p>[Best_Wordpress_Gallery id=&#8221;8&#8243; gal_title=&#8221;Diziler&#8221;]<\/p>\n","protected":false},"excerpt":{"rendered":"<p>Dip (2018, Puhu TV) Y\u00f6netmen: M. \u00c7a\u011fatay Tosun, Uygar Kutlu Senaryo: Ba\u015far Ba\u015faran, Emre \u00d6zd\u00fcr Yap\u0131m: TMC [Best_Wordpress_Gallery id=&#8221;10&#8243; gal_title=&#8221;DIP-2018&#8243;] Meryem (2017, Kanal D) Y\u00f6netmen: Feride Kaytan Senaryo:\u00a0Meryem G\u00fcltabak ve \u0130lke G\u00fcrsoy Yap\u0131m: TMC [Best_Wordpress_Gallery id=&#8221;11&#8243; gal_title=&#8221;Meryem&#8221;] &nbsp; Hayat Sevince G\u00fczel (2016, Fox TV) Y\u00f6netmen: Eray Ko\u00e7ak Senaryo: H\u00fclya Koper (Hikaye \u00dcretim Merkezi) Yap\u0131mc\u0131: Limon TV [Best_Wordpress_Gallery id=&#8221;9&#8243; gal_title=&#8221;Hayat Sevince<\/p>\n","protected":false},"author":1,"featured_media":136,"parent":0,"menu_order":0,"comment_status":"closed","ping_status":"closed","template":"","meta":[],"_links":{"self":[{"href":"https:\/\/ugurcavusoglu.com\/yeni\/index.php?rest_route=\/wp\/v2\/pages\/83"}],"collection":[{"href":"https:\/\/ugurcavusoglu.com\/yeni\/index.php?rest_route=\/wp\/v2\/pages"}],"about":[{"href":"https:\/\/ugurcavusoglu.com\/yeni\/index.php?rest_route=\/wp\/v2\/types\/page"}],"author":[{"embeddable":true,"href":"https:\/\/ugurcavusoglu.com\/yeni\/index.php?rest_route=\/wp\/v2\/users\/1"}],"replies":[{"embeddable":true,"href":"https:\/\/ugurcavusoglu.com\/yeni\/index.php?rest_route=%2Fwp%2Fv2%2Fcomments&post=83"}],"version-history":[{"count":13,"href":"https:\/\/ugurcavusoglu.com\/yeni\/index.php?rest_route=\/wp\/v2\/pages\/83\/revisions"}],"predecessor-version":[{"id":156,"href":"https:\/\/ugurcavusoglu.com\/yeni\/index.php?rest_route=\/wp\/v2\/pages\/83\/revisions\/156"}],"wp:featuredmedia":[{"embeddable":true,"href":"https:\/\/ugurcavusoglu.com\/yeni\/index.php?rest_route=\/wp\/v2\/media\/136"}],"wp:attachment":[{"href":"https:\/\/ugurcavusoglu.com\/yeni\/index.php?rest_route=%2Fwp%2Fv2%2Fmedia&parent=83"}],"curies":[{"name":"wp","href":"https:\/\/api.w.org\/{rel}","templated":true}]}}