{"id":75,"date":"2014-10-02T23:26:58","date_gmt":"2014-10-02T23:26:58","guid":{"rendered":"http:\/\/ugurcavusoglu.com\/yeni\/?page_id=75"},"modified":"2018-06-26T19:28:28","modified_gmt":"2018-06-26T19:28:28","slug":"tiyatro","status":"publish","type":"page","link":"https:\/\/ugurcavusoglu.com\/yeni\/?page_id=75","title":{"rendered":"Tiyatro"},"content":{"rendered":"<p><strong>Euridice&#8217;nin Elleri [1 saat 10 dk]<\/strong><br \/>\nAnkara Devlet Tiyatrosu<br \/>\nYazar: Pedro Bloch<br \/>\nY\u00f6netmen: Yurdaer Okur<br \/>\n4. Sezon<\/p>\n<p>[Best_Wordpress_Gallery id=&#8221;3&#8243; gal_title=&#8221;Tiyatro&#8221;]<\/p>\n<p><strong>Di\u011fer Oyunlardan Kareler<\/strong><\/p>\n<p>[Best_Wordpress_Gallery id=&#8221;4&#8243; gal_title=&#8221;Di\u011fer Oyunlar&#8221;]<\/p>\n<p>&nbsp;<\/p>\n<p>&nbsp;<\/p>\n","protected":false},"excerpt":{"rendered":"<p>Euridice&#8217;nin Elleri [1 saat 10 dk] Ankara Devlet Tiyatrosu Yazar: Pedro Bloch Y\u00f6netmen: Yurdaer Okur 4. Sezon [Best_Wordpress_Gallery id=&#8221;3&#8243; gal_title=&#8221;Tiyatro&#8221;] Di\u011fer Oyunlardan Kareler [Best_Wordpress_Gallery id=&#8221;4&#8243; gal_title=&#8221;Di\u011fer Oyunlar&#8221;] &nbsp; &nbsp;<\/p>\n","protected":false},"author":1,"featured_media":38,"parent":0,"menu_order":0,"comment_status":"closed","ping_status":"closed","template":"","meta":[],"_links":{"self":[{"href":"https:\/\/ugurcavusoglu.com\/yeni\/index.php?rest_route=\/wp\/v2\/pages\/75"}],"collection":[{"href":"https:\/\/ugurcavusoglu.com\/yeni\/index.php?rest_route=\/wp\/v2\/pages"}],"about":[{"href":"https:\/\/ugurcavusoglu.com\/yeni\/index.php?rest_route=\/wp\/v2\/types\/page"}],"author":[{"embeddable":true,"href":"https:\/\/ugurcavusoglu.com\/yeni\/index.php?rest_route=\/wp\/v2\/users\/1"}],"replies":[{"embeddable":true,"href":"https:\/\/ugurcavusoglu.com\/yeni\/index.php?rest_route=%2Fwp%2Fv2%2Fcomments&post=75"}],"version-history":[{"count":10,"href":"https:\/\/ugurcavusoglu.com\/yeni\/index.php?rest_route=\/wp\/v2\/pages\/75\/revisions"}],"predecessor-version":[{"id":155,"href":"https:\/\/ugurcavusoglu.com\/yeni\/index.php?rest_route=\/wp\/v2\/pages\/75\/revisions\/155"}],"wp:featuredmedia":[{"embeddable":true,"href":"https:\/\/ugurcavusoglu.com\/yeni\/index.php?rest_route=\/wp\/v2\/media\/38"}],"wp:attachment":[{"href":"https:\/\/ugurcavusoglu.com\/yeni\/index.php?rest_route=%2Fwp%2Fv2%2Fmedia&parent=75"}],"curies":[{"name":"wp","href":"https:\/\/api.w.org\/{rel}","templated":true}]}}