{"id":16,"date":"2009-03-02T21:35:54","date_gmt":"2009-03-02T21:35:54","guid":{"rendered":"http:\/\/ugurcavusoglu.com\/yeni\/?page_id=16"},"modified":"2022-10-13T01:14:04","modified_gmt":"2022-10-12T22:14:04","slug":"neler-yapar","status":"publish","type":"page","link":"https:\/\/ugurcavusoglu.com\/yeni\/?page_id=16","title":{"rendered":"Projeler"},"content":{"rendered":"<p><strong>Dizi<\/strong><\/p>\n<ul>\n<li>Yaln\u0131z Kurt (2022)- 5 Numara- ATV<\/li>\n<li>Kazara A\u015fk (2021) Tahsin Saydam- Star TV<\/li>\n<li>Gel Dese A\u015fk (2020) Ruhi- ATV<\/li>\n<li>Sen Anlat Karadeniz (2019) Genco Tamar- ATV<\/li>\n<li>Egenin Hamsisi (2018) \u015eevket Gergino\u011flu- TRT-1<\/li>\n<li>D\u0130P (2018) Nebi Noyan &#8211; Puhu TV<\/li>\n<li>Meryem (2017) Yurdal Sargun- Kanal D<\/li>\n<li>Hayat Sevince G\u00fczel (2016)- Fox TV<\/li>\n<li>Osmanl\u0131 Tokad\u0131 (2012) Do\u011fan Bey<\/li>\n<li>Umutsuz Ev Kad\u0131nlar\u0131 (2011) Kadir<\/li>\n<li>D\u00fcr\u00fcye&#8217;nin G\u00fc\u011f\u00fcmleri (2010) Duran A\u011fa<\/li>\n<li>Unutma Beni (2008) Sel\u00e7uk<\/li>\n<li>Beni Unutma (2008)<\/li>\n<li>Yersiz Yurtsuz (2007) Doktor Ali<\/li>\n<li>Parmakl\u0131klar Ard\u0131nda (2007) S\u00fcleyman \u00c7ak\u0131r<\/li>\n<li>Hayat T\u00fcrk\u00fcs\u00fc (2006) \u0130smail<\/li>\n<li>Ate\u015fli Topraklar (2005) Do\u011fan \u00c7ak\u0131ro\u011flu<\/li>\n<li>Bir Dilim A\u015fk (2004) Deniz<\/li>\n<li>Savunma (2001)<\/li>\n<li>Devlerin A\u015fk\u0131 (2000)<\/li>\n<li>Ate\u015f Dans\u0131 (1998) Orhan<\/li>\n<li>S\u0131cak Saatler (1998) \u00c7olak Nedim<\/li>\n<li>Sihirli Ceket (1996)<\/li>\n<li>Sahte D\u00fcnyalar (1995) \u00dcmit Okay<\/li>\n<li>Kopgel Taksi (1995)<\/li>\n<li>Yal\u0131 (1995)<\/li>\n<\/ul>\n<p><strong>Tiyatro<\/strong><\/p>\n<ul>\n<li>Euridice\u2019nin Elleri- Ankara Devlet Tiyatrosu (2012-2017\/4 Sezon) Gumercindo Tavares<\/li>\n<li>Gizler \u00c7ar\u015f\u0131s\u0131- Ankara Devlet Tiyatrosu (2009-2011\/3 Sezon) Be\u015fik\u00e7i<\/li>\n<li>Fosforlu Cevriye- Ankara Devlet Tiyatrosu (2008-2012\/5 Sezon) Adam<\/li>\n<li>Rembetiko- Ankara Devlet Tiyatrosu (2007- 2009\/2 Sezon) Thomas<\/li>\n<li>Romeo ve Juliet &#8211; Van Devlet Tiyatrosu (2006-2007 Sezonu)<\/li>\n<li>Azizname- Van Devlet Tiyatrosu (2006-2007 Sezonu)<\/li>\n<li>Misafir- Van Devlet Tiyatrosu (2005-2006 Sezonu)<\/li>\n<li>H\u00fczn\u00fcn Co\u015fkusu- Van Devlet Tiyatrosu (2005-2006 Sezonu)<\/li>\n<li>Bir Ceza Avukat\u0131n\u0131n An\u0131lar\u0131- Van Devlet Tiyatrosu (2003-2004 Sezonu)<\/li>\n<li>Taziye- Van Devlet Tiyatrosu (2004-2005 Sezonu)<\/li>\n<li>Palto- Van Devlet Tiyatrosu (2003-2004 Sezonu)<\/li>\n<li>Ate\u015fli Sab\u0131r- Van Devlet Tiyatrosu (2002-2003 Sezonu)<\/li>\n<li>Londra Caddesi- Mum Tiyatrosu, Istanbul (2001-2003 Sezonu)<\/li>\n<li>Benerci Kendini Ni\u00e7in \u00d6ld\u00fcrd\u00fc- Mum Tiyatrosu, Istanbul (2000)<\/li>\n<li>I\u00e7imdeki \u00c7\u0131\u011fl\u0131k- Dostlar Tiyatrosu, Istanbul (1999)<\/li>\n<li>Rosa Luxembourg- Tiyatro Ayna, Istanbul (1997)<\/li>\n<\/ul>\n<p><strong>Sinema<\/strong><\/p>\n<ul>\n<li>Annemin Zaman\u0131 (2022) Kerim<\/li>\n<li>Bir Sevda \u0130\u015fi (2017) Yasin Bedir<\/li>\n<li>E\u015fruhumun E\u015fzaman\u0131 (2012) \u015eanal<\/li>\n<li>Zeynep&#8217;in Sekiz G\u00fcn\u00fc (2007) \u015eef<\/li>\n<li>Cebimde \u00c7ok K\u00fc\u00e7\u00fck Elma Var (2000)<\/li>\n<li>Beni Unutma (2000) Gazeteci<\/li>\n<li>Kara Kentin \u00c7ocuklar\u0131 (1999)<\/li>\n<li>Her\u015fey \u00c7ok G\u00fczel Olacak (1998) Suat<\/li>\n<li>80. Ad\u0131m (1996)<\/li>\n<li>Yaban (1996)<\/li>\n<li>K\u0131\u015f \u00c7ice\u011fi (1996) Y\u00fcksel<\/li>\n<\/ul>\n","protected":false},"excerpt":{"rendered":"<p>Dizi Yaln\u0131z Kurt (2022)- 5 Numara- ATV Kazara A\u015fk (2021) Tahsin Saydam- Star TV Gel Dese A\u015fk (2020) Ruhi- ATV Sen Anlat Karadeniz (2019) Genco Tamar- ATV Egenin Hamsisi (2018) \u015eevket Gergino\u011flu- TRT-1 D\u0130P (2018) Nebi Noyan &#8211; Puhu TV Meryem (2017) Yurdal Sargun- Kanal D Hayat Sevince G\u00fczel (2016)- Fox TV Osmanl\u0131 Tokad\u0131 (2012) Do\u011fan Bey Umutsuz Ev Kad\u0131nlar\u0131<\/p>\n","protected":false},"author":1,"featured_media":6,"parent":0,"menu_order":0,"comment_status":"closed","ping_status":"closed","template":"","meta":[],"_links":{"self":[{"href":"https:\/\/ugurcavusoglu.com\/yeni\/index.php?rest_route=\/wp\/v2\/pages\/16"}],"collection":[{"href":"https:\/\/ugurcavusoglu.com\/yeni\/index.php?rest_route=\/wp\/v2\/pages"}],"about":[{"href":"https:\/\/ugurcavusoglu.com\/yeni\/index.php?rest_route=\/wp\/v2\/types\/page"}],"author":[{"embeddable":true,"href":"https:\/\/ugurcavusoglu.com\/yeni\/index.php?rest_route=\/wp\/v2\/users\/1"}],"replies":[{"embeddable":true,"href":"https:\/\/ugurcavusoglu.com\/yeni\/index.php?rest_route=%2Fwp%2Fv2%2Fcomments&post=16"}],"version-history":[{"count":14,"href":"https:\/\/ugurcavusoglu.com\/yeni\/index.php?rest_route=\/wp\/v2\/pages\/16\/revisions"}],"predecessor-version":[{"id":182,"href":"https:\/\/ugurcavusoglu.com\/yeni\/index.php?rest_route=\/wp\/v2\/pages\/16\/revisions\/182"}],"wp:featuredmedia":[{"embeddable":true,"href":"https:\/\/ugurcavusoglu.com\/yeni\/index.php?rest_route=\/wp\/v2\/media\/6"}],"wp:attachment":[{"href":"https:\/\/ugurcavusoglu.com\/yeni\/index.php?rest_route=%2Fwp%2Fv2%2Fmedia&parent=16"}],"curies":[{"name":"wp","href":"https:\/\/api.w.org\/{rel}","templated":true}]}}