{"id":112,"date":"2015-11-01T20:12:11","date_gmt":"2015-11-01T20:12:11","guid":{"rendered":"http:\/\/ugurcavusoglu.com\/yeni\/?page_id=112"},"modified":"2022-10-13T02:02:31","modified_gmt":"2022-10-12T23:02:31","slug":"video","status":"publish","type":"page","link":"https:\/\/ugurcavusoglu.com\/yeni\/?page_id=112","title":{"rendered":"Video"},"content":{"rendered":"\n<p>R\u00f6portaj, tiyatro, \u015fiir, \u015fark\u0131&#8230;U\u011fur \u00c7avu\u015fo\u011flu hakk\u0131nda merak edilen t\u00fcm konular burada yan\u0131t buluyor.<\/p>\n\n\n\n<figure class=\"wp-block-embed is-type-video is-provider-youtube wp-block-embed-youtube wp-embed-aspect-16-9 wp-has-aspect-ratio\"><div class=\"wp-block-embed__wrapper\">\n<iframe loading=\"lazy\" title=\"U\u011fur \u00c7avu\u015fo\u011flu &amp; \u00dcmit Dedeo\u011flu- Uzun ince bir yolday\u0131m (Canl\u0131)\" width=\"1080\" height=\"608\" src=\"https:\/\/www.youtube.com\/embed\/RCH9yGpUQZE?feature=oembed\" frameborder=\"0\" allow=\"accelerometer; autoplay; clipboard-write; encrypted-media; gyroscope; picture-in-picture\" allowfullscreen><\/iframe>\n<\/div><\/figure>\n\n\n\n<figure class=\"wp-block-embed is-type-video is-provider-youtube wp-block-embed-youtube wp-embed-aspect-16-9 wp-has-aspect-ratio\"><div class=\"wp-block-embed__wrapper\">\n<iframe loading=\"lazy\" title=\"U\u011fur \u00c7avu\u015fo\u011flu: K\u00f6t\u00fc Olmak E\u011flenceli\" width=\"1080\" height=\"608\" src=\"https:\/\/www.youtube.com\/embed\/tb4Nhxh-FdY?feature=oembed\" frameborder=\"0\" allow=\"accelerometer; autoplay; clipboard-write; encrypted-media; gyroscope; picture-in-picture\" allowfullscreen><\/iframe>\n<\/div><\/figure>\n\n\n<p><iframe loading=\"lazy\" title=\"KONUK : U\u011eUR \u00c7AVU\u015eO\u011eLU | RA\u0130F AKY\u00dcZ \u0130LE SANAT\u00c7I\" width=\"1080\" height=\"608\" src=\"https:\/\/www.youtube.com\/embed\/Bc7ApBV-Oxs?feature=oembed\" frameborder=\"0\" allow=\"accelerometer; autoplay; clipboard-write; encrypted-media; gyroscope; picture-in-picture\" allowfullscreen><\/iframe><\/p>\n<p>U\u011fur \u00c7avu\u015fo\u011flu- Euridice&#8217;nin Elleri (4. Sezon)<\/p>\n<p><iframe loading=\"lazy\" title=\"Euridice&#039;nin Elleri (4.Sezon)\" width=\"1080\" height=\"608\" src=\"https:\/\/www.youtube.com\/embed\/1XPwEJuff1w?feature=oembed\" frameborder=\"0\" allow=\"accelerometer; autoplay; clipboard-write; encrypted-media; gyroscope; picture-in-picture\" allowfullscreen><\/iframe><\/p>\n<p><iframe loading=\"lazy\" src=\"https:\/\/www.youtube.com\/embed\/c9HBf1487ro\" allowfullscreen=\"allowfullscreen\" width=\"420\" height=\"315\" frameborder=\"0\"><\/iframe><\/p>\n<p><iframe loading=\"lazy\" src=\"https:\/\/www.youtube.com\/embed\/OusZoFM6QzA\" allowfullscreen=\"allowfullscreen\" width=\"420\" height=\"315\" frameborder=\"0\"><\/iframe><\/p>\n<p><iframe loading=\"lazy\" src=\"https:\/\/www.youtube.com\/embed\/JyvTc5TXWGU\" allowfullscreen=\"allowfullscreen\" width=\"420\" height=\"315\" frameborder=\"0\"><\/iframe><\/p>","protected":false},"excerpt":{"rendered":"<p>R\u00f6portaj, tiyatro, \u015fiir, \u015fark\u0131&#8230;U\u011fur \u00c7avu\u015fo\u011flu hakk\u0131nda merak edilen t\u00fcm konular burada yan\u0131t buluyor. U\u011fur \u00c7avu\u015fo\u011flu- Euridice&#8217;nin Elleri (4. Sezon)<\/p>\n","protected":false},"author":1,"featured_media":71,"parent":0,"menu_order":0,"comment_status":"closed","ping_status":"closed","template":"","meta":[],"_links":{"self":[{"href":"https:\/\/ugurcavusoglu.com\/yeni\/index.php?rest_route=\/wp\/v2\/pages\/112"}],"collection":[{"href":"https:\/\/ugurcavusoglu.com\/yeni\/index.php?rest_route=\/wp\/v2\/pages"}],"about":[{"href":"https:\/\/ugurcavusoglu.com\/yeni\/index.php?rest_route=\/wp\/v2\/types\/page"}],"author":[{"embeddable":true,"href":"https:\/\/ugurcavusoglu.com\/yeni\/index.php?rest_route=\/wp\/v2\/users\/1"}],"replies":[{"embeddable":true,"href":"https:\/\/ugurcavusoglu.com\/yeni\/index.php?rest_route=%2Fwp%2Fv2%2Fcomments&post=112"}],"version-history":[{"count":8,"href":"https:\/\/ugurcavusoglu.com\/yeni\/index.php?rest_route=\/wp\/v2\/pages\/112\/revisions"}],"predecessor-version":[{"id":193,"href":"https:\/\/ugurcavusoglu.com\/yeni\/index.php?rest_route=\/wp\/v2\/pages\/112\/revisions\/193"}],"wp:featuredmedia":[{"embeddable":true,"href":"https:\/\/ugurcavusoglu.com\/yeni\/index.php?rest_route=\/wp\/v2\/media\/71"}],"wp:attachment":[{"href":"https:\/\/ugurcavusoglu.com\/yeni\/index.php?rest_route=%2Fwp%2Fv2%2Fmedia&parent=112"}],"curies":[{"name":"wp","href":"https:\/\/api.w.org\/{rel}","templated":true}]}}